{"id":49,"date":"2026-01-14T15:39:15","date_gmt":"2026-01-14T15:39:15","guid":{"rendered":"https:\/\/sosaplumbingservices.com\/?page_id=49"},"modified":"2026-01-20T14:39:56","modified_gmt":"2026-01-20T14:39:56","slug":"projects","status":"publish","type":"page","link":"https:\/\/sosaplumbingservices.com\/en\/projects\/","title":{"rendered":"Projects"},"content":{"rendered":"<div data-elementor-type=\"wp-page\" data-elementor-id=\"49\" class=\"elementor elementor-49\" data-elementor-post-type=\"page\">\n\t\t\t\t<div class=\"elementor-element elementor-element-e70c175 e-con-full e-flex e-con e-parent\" data-id=\"e70c175\" data-element_type=\"container\" data-e-type=\"container\">\n\t\t<div class=\"elementor-element elementor-element-95e9333 e-con-full e-flex e-con e-child\" data-id=\"95e9333\" data-element_type=\"container\" data-e-type=\"container\" data-settings=\"{&quot;background_background&quot;:&quot;classic&quot;}\">\n\t\t<div class=\"elementor-element elementor-element-61aeae2 e-con-full e-flex e-con e-child\" data-id=\"61aeae2\" data-element_type=\"container\" data-e-type=\"container\">\n\t\t<div class=\"elementor-element elementor-element-15205fc e-con-full e-flex e-con e-child\" data-id=\"15205fc\" data-element_type=\"container\" data-e-type=\"container\">\n\t\t\t\t<div class=\"elementor-element elementor-element-6bba223 elementor-widget__width-initial elementor-widget elementor-widget-heading\" data-id=\"6bba223\" data-element_type=\"widget\" data-e-type=\"widget\" data-widget_type=\"heading.default\">\n\t\t\t\t\t<div class=\"elementor-heading-title elementor-size-default\">Commercial projects carried out<\/div>\t\t\t\t<\/div>\n\t\t\t\t<div class=\"elementor-element elementor-element-df9abd4 elementor-widget__width-initial elementor-widget elementor-widget-text-editor\" data-id=\"df9abd4\" data-element_type=\"widget\" data-e-type=\"widget\" data-widget_type=\"text-editor.default\">\n\t\t\t\t\t\t\t\t\t<p>Over one hundred jobs completed in Georgia with precision and professionalism<\/p>\t\t\t\t\t\t\t\t<\/div>\n\t\t\t\t<\/div>\n\t\t<div class=\"elementor-element elementor-element-88c9527 e-con-full e-flex e-con e-child\" data-id=\"88c9527\" data-element_type=\"container\" data-e-type=\"container\">\n\t\t<div class=\"elementor-element elementor-element-4d3fea3 e-con-full e-flex e-con e-child\" data-id=\"4d3fea3\" data-element_type=\"container\" data-e-type=\"container\" data-settings=\"{&quot;background_background&quot;:&quot;classic&quot;}\">\n\t\t\t\t<div class=\"elementor-element elementor-element-4266370 elementor-widget__width-initial elementor-widget elementor-widget-heading\" data-id=\"4266370\" data-element_type=\"widget\" data-e-type=\"widget\" data-widget_type=\"heading.default\">\n\t\t\t\t\t<div class=\"elementor-heading-title elementor-size-default\">Hospitals<\/div>\t\t\t\t<\/div>\n\t\t\t\t<\/div>\n\t\t<div class=\"elementor-element elementor-element-5aad3ea e-con-full e-flex e-con e-child\" data-id=\"5aad3ea\" data-element_type=\"container\" data-e-type=\"container\" data-settings=\"{&quot;background_background&quot;:&quot;classic&quot;}\">\n\t\t\t\t<div class=\"elementor-element elementor-element-2685de7 elementor-widget__width-initial elementor-widget elementor-widget-heading\" data-id=\"2685de7\" data-element_type=\"widget\" data-e-type=\"widget\" data-widget_type=\"heading.default\">\n\t\t\t\t\t<div class=\"elementor-heading-title elementor-size-default\">Clinics<\/div>\t\t\t\t<\/div>\n\t\t\t\t<\/div>\n\t\t<div class=\"elementor-element elementor-element-6a7de82 e-con-full e-flex e-con e-child\" data-id=\"6a7de82\" data-element_type=\"container\" data-e-type=\"container\" data-settings=\"{&quot;background_background&quot;:&quot;classic&quot;}\">\n\t\t\t\t<div class=\"elementor-element elementor-element-a7c38dd elementor-widget__width-initial elementor-widget elementor-widget-heading\" data-id=\"a7c38dd\" data-element_type=\"widget\" data-e-type=\"widget\" data-widget_type=\"heading.default\">\n\t\t\t\t\t<div class=\"elementor-heading-title elementor-size-default\">Construction<\/div>\t\t\t\t<\/div>\n\t\t\t\t<\/div>\n\t\t\t\t<\/div>\n\t\t\t\t<\/div>\n\t\t\t\t<div class=\"elementor-element elementor-element-902adab elementor-widget elementor-widget-image\" data-id=\"902adab\" data-element_type=\"widget\" data-e-type=\"widget\" data-widget_type=\"image.default\">\n\t\t\t\t\t\t\t\t\t\t\t\t\t\t\t<img fetchpriority=\"high\" decoding=\"async\" width=\"1280\" height=\"720\" src=\"https:\/\/sosaplumbingservices.com\/wp-content\/uploads\/2026\/01\/a8e57df567ad7d35913b832b86a53be2.webp\" class=\"attachment-full size-full wp-image-70\" alt=\"\" srcset=\"https:\/\/sosaplumbingservices.com\/wp-content\/uploads\/2026\/01\/a8e57df567ad7d35913b832b86a53be2.webp 1280w, https:\/\/sosaplumbingservices.com\/wp-content\/uploads\/2026\/01\/a8e57df567ad7d35913b832b86a53be2-300x169.webp 300w, https:\/\/sosaplumbingservices.com\/wp-content\/uploads\/2026\/01\/a8e57df567ad7d35913b832b86a53be2-1024x576.webp 1024w, https:\/\/sosaplumbingservices.com\/wp-content\/uploads\/2026\/01\/a8e57df567ad7d35913b832b86a53be2-768x432.webp 768w\" sizes=\"(max-width: 1280px) 100vw, 1280px\" \/>\t\t\t\t\t\t\t\t\t\t\t\t\t\t\t<\/div>\n\t\t\t\t<\/div>\n\t\t<div class=\"elementor-element elementor-element-5707fcc e-con-full e-flex e-con e-child\" data-id=\"5707fcc\" data-element_type=\"container\" data-e-type=\"container\" data-settings=\"{&quot;background_background&quot;:&quot;classic&quot;}\">\n\t\t<div class=\"elementor-element elementor-element-20942dc e-con-full e-flex e-con e-child\" data-id=\"20942dc\" data-element_type=\"container\" data-e-type=\"container\">\n\t\t\t\t<div class=\"elementor-element elementor-element-064584e elementor-widget__width-initial elementor-widget elementor-widget-heading\" data-id=\"064584e\" data-element_type=\"widget\" data-e-type=\"widget\" data-widget_type=\"heading.default\">\n\t\t\t\t\t<div class=\"elementor-heading-title elementor-size-default\">Columbia Hospital in Augusta<\/div>\t\t\t\t<\/div>\n\t\t\t\t<div class=\"elementor-element elementor-element-f5709da elementor-widget__width-initial elementor-widget elementor-widget-text-editor\" data-id=\"f5709da\" data-element_type=\"widget\" data-e-type=\"widget\" data-widget_type=\"text-editor.default\">\n\t\t\t\t\t\t\t\t\t<p data-start=\"119\" data-end=\"397\">The project developed at Columbia Hospital represented a commitment of high technical responsibility. The project included the complete installation of the plumbing systems for a five-story building, which includes operating rooms, recovery areas and specialized laboratories.<\/p><p data-start=\"399\" data-end=\"737\">Our team worked in coordination with the general contractors, strictly complying with the established deadlines and the standards required by health regulations. We used materials certified for hospital use, implemented backup systems and verified each line through certification processes.<\/p><p data-start=\"739\" data-end=\"859\">Thanks to this precise execution, Columbia Hospital began operations without delays. That is our standard of work.<\/p>\t\t\t\t\t\t\t\t<\/div>\n\t\t\t\t<\/div>\n\t\t\t\t<div class=\"elementor-element elementor-element-df99025 elementor-widget elementor-widget-image\" data-id=\"df99025\" data-element_type=\"widget\" data-e-type=\"widget\" data-widget_type=\"image.default\">\n\t\t\t\t\t\t\t\t\t\t\t\t\t\t\t<img decoding=\"async\" width=\"600\" height=\"600\" src=\"https:\/\/sosaplumbingservices.com\/wp-content\/uploads\/2026\/01\/51859ce543213bb60fd07edaa239dfd4.webp\" class=\"attachment-full size-full wp-image-71\" alt=\"\" srcset=\"https:\/\/sosaplumbingservices.com\/wp-content\/uploads\/2026\/01\/51859ce543213bb60fd07edaa239dfd4.webp 600w, https:\/\/sosaplumbingservices.com\/wp-content\/uploads\/2026\/01\/51859ce543213bb60fd07edaa239dfd4-300x300.webp 300w, https:\/\/sosaplumbingservices.com\/wp-content\/uploads\/2026\/01\/51859ce543213bb60fd07edaa239dfd4-150x150.webp 150w\" sizes=\"(max-width: 600px) 100vw, 600px\" \/>\t\t\t\t\t\t\t\t\t\t\t\t\t\t\t<\/div>\n\t\t\t\t<\/div>\n\t\t<div class=\"elementor-element elementor-element-5a9740e e-con-full e-flex e-con e-child\" data-id=\"5a9740e\" data-element_type=\"container\" data-e-type=\"container\" data-settings=\"{&quot;background_background&quot;:&quot;classic&quot;}\">\n\t\t\t\t<div class=\"elementor-element elementor-element-ecdc0ad elementor-widget elementor-widget-image\" data-id=\"ecdc0ad\" data-element_type=\"widget\" data-e-type=\"widget\" data-widget_type=\"image.default\">\n\t\t\t\t\t\t\t\t\t\t\t\t\t\t\t<img decoding=\"async\" width=\"600\" height=\"600\" src=\"https:\/\/sosaplumbingservices.com\/wp-content\/uploads\/2026\/01\/5c9409a45c6e4369afd79b9e4d9c82e6.webp\" class=\"attachment-full size-full wp-image-72\" alt=\"\" srcset=\"https:\/\/sosaplumbingservices.com\/wp-content\/uploads\/2026\/01\/5c9409a45c6e4369afd79b9e4d9c82e6.webp 600w, https:\/\/sosaplumbingservices.com\/wp-content\/uploads\/2026\/01\/5c9409a45c6e4369afd79b9e4d9c82e6-300x300.webp 300w, https:\/\/sosaplumbingservices.com\/wp-content\/uploads\/2026\/01\/5c9409a45c6e4369afd79b9e4d9c82e6-150x150.webp 150w\" sizes=\"(max-width: 600px) 100vw, 600px\" \/>\t\t\t\t\t\t\t\t\t\t\t\t\t\t\t<\/div>\n\t\t<div class=\"elementor-element elementor-element-62709ba e-con-full e-flex e-con e-child\" data-id=\"62709ba\" data-element_type=\"container\" data-e-type=\"container\">\n\t\t\t\t<div class=\"elementor-element elementor-element-b524c87 elementor-widget__width-initial elementor-widget elementor-widget-heading\" data-id=\"b524c87\" data-element_type=\"widget\" data-e-type=\"widget\" data-widget_type=\"heading.default\">\n\t\t\t\t\t<div class=\"elementor-heading-title elementor-size-default\">MOB Clinic in Dahlonega<\/div>\t\t\t\t<\/div>\n\t\t\t\t<div class=\"elementor-element elementor-element-19a8639 elementor-widget__width-initial elementor-widget elementor-widget-text-editor\" data-id=\"19a8639\" data-element_type=\"widget\" data-e-type=\"widget\" data-widget_type=\"text-editor.default\">\n\t\t\t\t\t\t\t\t\t<p>A medical office building requires reliable systems for multiple offices and specialties. We install complete plumbing including copper piped water lines, sewage systems, roof drains and final finishes.<br\/>We worked closely with the construction team to ensure that each office had the necessary connections without delay. The building now operates with certified systems that meet all sanitary regulations.<\/p>\t\t\t\t\t\t\t\t<\/div>\n\t\t\t\t<\/div>\n\t\t\t\t<\/div>\n\t\t<div class=\"elementor-element elementor-element-71080b7 e-con-full e-flex e-con e-child\" data-id=\"71080b7\" data-element_type=\"container\" data-e-type=\"container\" data-settings=\"{&quot;background_background&quot;:&quot;classic&quot;}\">\n\t\t<div class=\"elementor-element elementor-element-bc30c24 e-con-full e-flex e-con e-child\" data-id=\"bc30c24\" data-element_type=\"container\" data-e-type=\"container\">\n\t\t\t\t<div class=\"elementor-element elementor-element-010ba19 elementor-widget__width-initial elementor-widget elementor-widget-heading\" data-id=\"010ba19\" data-element_type=\"widget\" data-e-type=\"widget\" data-widget_type=\"heading.default\">\n\t\t\t\t\t<div class=\"elementor-heading-title elementor-size-default\">Lumpkin Hospital in Dahlonega<\/div>\t\t\t\t<\/div>\n\t\t\t\t<div class=\"elementor-element elementor-element-e575ceb elementor-widget__width-initial elementor-widget elementor-widget-text-editor\" data-id=\"e575ceb\" data-element_type=\"widget\" data-e-type=\"widget\" data-widget_type=\"text-editor.default\">\n\t\t\t\t\t\t\t\t\t<p>Complete installation of commercial plumbing systems for this regional hospital. We connected water lines with copper piping, installed sewage systems, roof drains and performed all final finishes.<br \/>Each component was installed to the highest standards in the healthcare industry. Lumpkin Hospital now has the infrastructure in place to serve its community with confidence.<\/p>\t\t\t\t\t\t\t\t<\/div>\n\t\t\t\t<\/div>\n\t\t<div class=\"elementor-element elementor-element-baf992b e-con-full e-flex e-con e-child\" data-id=\"baf992b\" data-element_type=\"container\" data-e-type=\"container\" data-settings=\"{&quot;background_background&quot;:&quot;classic&quot;}\">\n\t\t\t\t<\/div>\n\t\t\t\t<\/div>\n\t\t\t\t<\/div>\n\t\t\t\t<\/div>","protected":false},"excerpt":{"rendered":"<p>Proyectos comerciales realizados M\u00e1s de cien trabajos completados en Georgia con precisi\u00f3n y profesionalismo Hospitales Cl\u00ednicas Construcci\u00f3n Columbia Hospital en Augusta El proyecto desarrollado en Columbia Hospital represent\u00f3 un compromiso de alta responsabilidad t\u00e9cnica. Se ejecut\u00f3 la instalaci\u00f3n integral de los sistemas de plomer\u00eda para un edificio de cinco niveles, que incluye quir\u00f3fanos, \u00e1reas de [&hellip;]<\/p>\n","protected":false},"author":1,"featured_media":0,"parent":0,"menu_order":0,"comment_status":"closed","ping_status":"closed","template":"","meta":{"footnotes":""},"class_list":["post-49","page","type-page","status-publish","hentry"],"_links":{"self":[{"href":"https:\/\/sosaplumbingservices.com\/en\/wp-json\/wp\/v2\/pages\/49","targetHints":{"allow":["GET"]}}],"collection":[{"href":"https:\/\/sosaplumbingservices.com\/en\/wp-json\/wp\/v2\/pages"}],"about":[{"href":"https:\/\/sosaplumbingservices.com\/en\/wp-json\/wp\/v2\/types\/page"}],"author":[{"embeddable":true,"href":"https:\/\/sosaplumbingservices.com\/en\/wp-json\/wp\/v2\/users\/1"}],"replies":[{"embeddable":true,"href":"https:\/\/sosaplumbingservices.com\/en\/wp-json\/wp\/v2\/comments?post=49"}],"version-history":[{"count":10,"href":"https:\/\/sosaplumbingservices.com\/en\/wp-json\/wp\/v2\/pages\/49\/revisions"}],"predecessor-version":[{"id":196,"href":"https:\/\/sosaplumbingservices.com\/en\/wp-json\/wp\/v2\/pages\/49\/revisions\/196"}],"wp:attachment":[{"href":"https:\/\/sosaplumbingservices.com\/en\/wp-json\/wp\/v2\/media?parent=49"}],"curies":[{"name":"wp","href":"https:\/\/api.w.org\/{rel}","templated":true}]}}