{"id":53,"date":"2026-01-14T15:41:21","date_gmt":"2026-01-14T15:41:21","guid":{"rendered":"https:\/\/sosaplumbingservices.com\/?page_id=53"},"modified":"2026-01-20T14:48:16","modified_gmt":"2026-01-20T14:48:16","slug":"about-us","status":"publish","type":"page","link":"https:\/\/sosaplumbingservices.com\/en\/about-us\/","title":{"rendered":"About Us"},"content":{"rendered":"<div data-elementor-type=\"wp-page\" data-elementor-id=\"53\" class=\"elementor elementor-53\" data-elementor-post-type=\"page\">\n\t\t\t\t<div class=\"elementor-element elementor-element-bfc8a71 e-con-full e-flex e-con e-parent\" data-id=\"bfc8a71\" data-element_type=\"container\" data-e-type=\"container\">\n\t\t<div class=\"elementor-element elementor-element-c42507b e-con-full e-flex e-con e-child\" data-id=\"c42507b\" data-element_type=\"container\" data-e-type=\"container\" data-settings=\"{&quot;background_background&quot;:&quot;classic&quot;}\">\n\t\t\t\t<div class=\"elementor-element elementor-element-e7ba9b3 elementor-widget__width-initial elementor-widget elementor-widget-heading\" data-id=\"e7ba9b3\" data-element_type=\"widget\" data-e-type=\"widget\" data-widget_type=\"heading.default\">\n\t\t\t\t\t<div class=\"elementor-heading-title elementor-size-default\">Our history in Georgia<\/div>\t\t\t\t<\/div>\n\t\t\t\t<div class=\"elementor-element elementor-element-dfb5ebf elementor-widget__width-initial elementor-widget elementor-widget-text-editor\" data-id=\"dfb5ebf\" data-element_type=\"widget\" data-e-type=\"widget\" data-widget_type=\"text-editor.default\">\n\t\t\t\t\t\t\t\t\t<p>Since 2017, Sosa Plumbing has grown to serve Georgia with excellence.<\/p>\t\t\t\t\t\t\t\t<\/div>\n\t\t\t\t<\/div>\n\t\t<div class=\"elementor-element elementor-element-86b14d7 e-con-full e-flex e-con e-child\" data-id=\"86b14d7\" data-element_type=\"container\" data-e-type=\"container\" data-settings=\"{&quot;background_background&quot;:&quot;classic&quot;}\">\n\t\t<div class=\"elementor-element elementor-element-c0342d3 e-con-full e-flex e-con e-child\" data-id=\"c0342d3\" data-element_type=\"container\" data-e-type=\"container\">\n\t\t\t\t<div class=\"elementor-element elementor-element-f1f60f6 elementor-widget__width-initial elementor-widget elementor-widget-heading\" data-id=\"f1f60f6\" data-element_type=\"widget\" data-e-type=\"widget\" data-widget_type=\"heading.default\">\n\t\t\t\t\t<div class=\"elementor-heading-title elementor-size-default\">Certified technicians at the service of your home and business<\/div>\t\t\t\t<\/div>\n\t\t\t\t<div class=\"elementor-element elementor-element-18c6b05 elementor-widget__width-initial elementor-widget elementor-widget-text-editor\" data-id=\"18c6b05\" data-element_type=\"widget\" data-e-type=\"widget\" data-widget_type=\"text-editor.default\">\n\t\t\t\t\t\t\t\t\t<p>We started as a small operation during difficult times and have grown to more than 25 certified technicians. Today we serve hospitals, restaurants and families throughout Georgia with the same commitment as always: honest, guaranteed work.<\/p>\t\t\t\t\t\t\t\t<\/div>\n\t\t\t\t<\/div>\n\t\t\t\t<div class=\"elementor-element elementor-element-2a6f338 elementor-widget elementor-widget-image\" data-id=\"2a6f338\" data-element_type=\"widget\" data-e-type=\"widget\" data-widget_type=\"image.default\">\n\t\t\t\t\t\t\t\t\t\t\t\t\t\t\t<img fetchpriority=\"high\" decoding=\"async\" width=\"600\" height=\"640\" src=\"https:\/\/sosaplumbingservices.com\/wp-content\/uploads\/2026\/01\/bc6117de582d6cfc3c33d9ebc5a5139d.webp\" class=\"attachment-full size-full wp-image-78\" alt=\"\" srcset=\"https:\/\/sosaplumbingservices.com\/wp-content\/uploads\/2026\/01\/bc6117de582d6cfc3c33d9ebc5a5139d.webp 600w, https:\/\/sosaplumbingservices.com\/wp-content\/uploads\/2026\/01\/bc6117de582d6cfc3c33d9ebc5a5139d-281x300.webp 281w\" sizes=\"(max-width: 600px) 100vw, 600px\" \/>\t\t\t\t\t\t\t\t\t\t\t\t\t\t\t<\/div>\n\t\t\t\t<\/div>\n\t\t<div class=\"elementor-element elementor-element-684aecb e-con-full e-flex e-con e-child\" data-id=\"684aecb\" data-element_type=\"container\" data-e-type=\"container\" data-settings=\"{&quot;background_background&quot;:&quot;classic&quot;}\">\n\t\t<div class=\"elementor-element elementor-element-ebb5e35 e-con-full e-flex e-con e-child\" data-id=\"ebb5e35\" data-element_type=\"container\" data-e-type=\"container\">\n\t\t\t\t<div class=\"elementor-element elementor-element-7945d1f elementor-widget__width-initial elementor-widget elementor-widget-heading\" data-id=\"7945d1f\" data-element_type=\"widget\" data-e-type=\"widget\" data-widget_type=\"heading.default\">\n\t\t\t\t\t<div class=\"elementor-heading-title elementor-size-default\">2017<\/div>\t\t\t\t<\/div>\n\t\t<div class=\"elementor-element elementor-element-35bf734 e-con-full e-flex e-con e-child\" data-id=\"35bf734\" data-element_type=\"container\" data-e-type=\"container\">\n\t\t\t\t<div class=\"elementor-element elementor-element-c91dcf0 elementor-widget__width-initial elementor-widget elementor-widget-heading\" data-id=\"c91dcf0\" data-element_type=\"widget\" data-e-type=\"widget\" data-widget_type=\"heading.default\">\n\t\t\t\t\t<div class=\"elementor-heading-title elementor-size-default\">First steps in Georgia<\/div>\t\t\t\t<\/div>\n\t\t\t\t<div class=\"elementor-element elementor-element-76ae711 elementor-widget__width-initial elementor-widget elementor-widget-text-editor\" data-id=\"76ae711\" data-element_type=\"widget\" data-e-type=\"widget\" data-widget_type=\"text-editor.default\">\n\t\t\t\t\t\t\t\t\t<p>Sosa Plumbing was born out of the need to do things right. A small team, simple tools and the determination to serve with honesty.<\/p>\t\t\t\t\t\t\t\t<\/div>\n\t\t\t\t<\/div>\n\t\t\t\t<\/div>\n\t\t<div class=\"elementor-element elementor-element-4b97e1e e-con-full e-flex e-con e-child\" data-id=\"4b97e1e\" data-element_type=\"container\" data-e-type=\"container\">\n\t\t<div class=\"elementor-element elementor-element-d4259dd e-con-full e-flex e-con e-child\" data-id=\"d4259dd\" data-element_type=\"container\" data-e-type=\"container\" data-settings=\"{&quot;background_background&quot;:&quot;classic&quot;}\">\n\t\t<div class=\"elementor-element elementor-element-ac73266 e-con-full e-flex e-con e-child\" data-id=\"ac73266\" data-element_type=\"container\" data-e-type=\"container\">\n\t\t<div class=\"elementor-element elementor-element-70ab481 e-con-full e-flex e-con e-child\" data-id=\"70ab481\" data-element_type=\"container\" data-e-type=\"container\">\n\t\t\t\t<div class=\"elementor-element elementor-element-9e7cb28 elementor-widget__width-initial elementor-widget elementor-widget-heading\" data-id=\"9e7cb28\" data-element_type=\"widget\" data-e-type=\"widget\" data-widget_type=\"heading.default\">\n\t\t\t\t\t<div class=\"elementor-heading-title elementor-size-default\">2019<\/div>\t\t\t\t<\/div>\n\t\t\t\t<div class=\"elementor-element elementor-element-a413909 elementor-widget__width-initial elementor-widget elementor-widget-heading\" data-id=\"a413909\" data-element_type=\"widget\" data-e-type=\"widget\" data-widget_type=\"heading.default\">\n\t\t\t\t\t<div class=\"elementor-heading-title elementor-size-default\">Hospitals trust us<\/div>\t\t\t\t<\/div>\n\t\t\t\t<\/div>\n\t\t\t\t<div class=\"elementor-element elementor-element-9861a14 elementor-widget__width-initial elementor-widget elementor-widget-text-editor\" data-id=\"9861a14\" data-element_type=\"widget\" data-e-type=\"widget\" data-widget_type=\"text-editor.default\">\n\t\t\t\t\t\t\t\t\t<p>The first big contracts came in. Hospitals and clinics saw that we knew what we were doing and started calling us.<\/p>\t\t\t\t\t\t\t\t<\/div>\n\t\t\t\t<\/div>\n\t\t\t\t<div class=\"elementor-element elementor-element-9fbdab4 elementor-widget elementor-widget-image\" data-id=\"9fbdab4\" data-element_type=\"widget\" data-e-type=\"widget\" data-widget_type=\"image.default\">\n\t\t\t\t\t\t\t\t\t\t\t\t\t\t\t<img decoding=\"async\" width=\"743\" height=\"743\" src=\"https:\/\/sosaplumbingservices.com\/wp-content\/uploads\/2026\/01\/c1069e373eb91d88b1aa6a80eaa8b13d.webp\" class=\"attachment-full size-full wp-image-79\" alt=\"\" srcset=\"https:\/\/sosaplumbingservices.com\/wp-content\/uploads\/2026\/01\/c1069e373eb91d88b1aa6a80eaa8b13d.webp 743w, https:\/\/sosaplumbingservices.com\/wp-content\/uploads\/2026\/01\/c1069e373eb91d88b1aa6a80eaa8b13d-300x300.webp 300w, https:\/\/sosaplumbingservices.com\/wp-content\/uploads\/2026\/01\/c1069e373eb91d88b1aa6a80eaa8b13d-150x150.webp 150w\" sizes=\"(max-width: 743px) 100vw, 743px\" \/>\t\t\t\t\t\t\t\t\t\t\t\t\t\t\t<\/div>\n\t\t\t\t<\/div>\n\t\t\t\t<div class=\"elementor-element elementor-element-7a0714f elementor-widget elementor-widget-image\" data-id=\"7a0714f\" data-element_type=\"widget\" data-e-type=\"widget\" data-widget_type=\"image.default\">\n\t\t\t\t\t\t\t\t\t\t\t\t\t\t\t<img decoding=\"async\" width=\"15\" height=\"15\" src=\"https:\/\/sosaplumbingservices.com\/wp-content\/uploads\/2026\/01\/354be34dd2d23088d21a871ebd4e7c7f.webp\" class=\"attachment-full size-full wp-image-80\" alt=\"\" \/>\t\t\t\t\t\t\t\t\t\t\t\t\t\t\t<\/div>\n\t\t<div class=\"elementor-element elementor-element-3042a9a e-con-full e-flex e-con e-child\" data-id=\"3042a9a\" data-element_type=\"container\" data-e-type=\"container\">\n\t\t<div class=\"elementor-element elementor-element-ce0beb0 e-con-full e-flex e-con e-child\" data-id=\"ce0beb0\" data-element_type=\"container\" data-e-type=\"container\" data-settings=\"{&quot;background_background&quot;:&quot;classic&quot;}\">\n\t\t<div class=\"elementor-element elementor-element-cbe53a6 e-con-full e-flex e-con e-child\" data-id=\"cbe53a6\" data-element_type=\"container\" data-e-type=\"container\">\n\t\t<div class=\"elementor-element elementor-element-ee68a9d e-con-full e-flex e-con e-child\" data-id=\"ee68a9d\" data-element_type=\"container\" data-e-type=\"container\">\n\t\t\t\t<div class=\"elementor-element elementor-element-ee8c399 elementor-widget__width-initial elementor-widget elementor-widget-heading\" data-id=\"ee8c399\" data-element_type=\"widget\" data-e-type=\"widget\" data-widget_type=\"heading.default\">\n\t\t\t\t\t<div class=\"elementor-heading-title elementor-size-default\">2021<\/div>\t\t\t\t<\/div>\n\t\t\t\t<div class=\"elementor-element elementor-element-d24dd7a elementor-widget__width-initial elementor-widget elementor-widget-heading\" data-id=\"d24dd7a\" data-element_type=\"widget\" data-e-type=\"widget\" data-widget_type=\"heading.default\">\n\t\t\t\t\t<div class=\"elementor-heading-title elementor-size-default\">Expansion in difficult times<\/div>\t\t\t\t<\/div>\n\t\t\t\t<\/div>\n\t\t\t\t<div class=\"elementor-element elementor-element-2f032c2 elementor-widget__width-initial elementor-widget elementor-widget-text-editor\" data-id=\"2f032c2\" data-element_type=\"widget\" data-e-type=\"widget\" data-widget_type=\"text-editor.default\">\n\t\t\t\t\t\t\t\t\t<p>The pandemic came, but it didn't stop us. We grew because families and businesses needed us more than ever.<\/p>\t\t\t\t\t\t\t\t<\/div>\n\t\t\t\t<\/div>\n\t\t\t\t<div class=\"elementor-element elementor-element-9435b0d elementor-widget-tablet__width-inherit elementor-widget elementor-widget-image\" data-id=\"9435b0d\" data-element_type=\"widget\" data-e-type=\"widget\" data-widget_type=\"image.default\">\n\t\t\t\t\t\t\t\t\t\t\t\t\t\t\t<img loading=\"lazy\" decoding=\"async\" width=\"743\" height=\"743\" src=\"https:\/\/sosaplumbingservices.com\/wp-content\/uploads\/2026\/01\/3adb9268c23cc535e993bdf2e37b0f1e.webp\" class=\"attachment-full size-full wp-image-81\" alt=\"\" srcset=\"https:\/\/sosaplumbingservices.com\/wp-content\/uploads\/2026\/01\/3adb9268c23cc535e993bdf2e37b0f1e.webp 743w, https:\/\/sosaplumbingservices.com\/wp-content\/uploads\/2026\/01\/3adb9268c23cc535e993bdf2e37b0f1e-300x300.webp 300w, https:\/\/sosaplumbingservices.com\/wp-content\/uploads\/2026\/01\/3adb9268c23cc535e993bdf2e37b0f1e-150x150.webp 150w\" sizes=\"(max-width: 743px) 100vw, 743px\" \/>\t\t\t\t\t\t\t\t\t\t\t\t\t\t\t<\/div>\n\t\t\t\t<\/div>\n\t\t\t\t<\/div>\n\t\t\t\t<div class=\"elementor-element elementor-element-ae5bcc2 elementor-widget elementor-widget-image\" data-id=\"ae5bcc2\" data-element_type=\"widget\" data-e-type=\"widget\" data-widget_type=\"image.default\">\n\t\t\t\t\t\t\t\t\t\t\t\t\t\t\t<img loading=\"lazy\" decoding=\"async\" width=\"15\" height=\"15\" src=\"https:\/\/sosaplumbingservices.com\/wp-content\/uploads\/2026\/01\/5e48e89de16ba820b829533e6b458f56.webp\" class=\"attachment-full size-full wp-image-82\" alt=\"\" \/>\t\t\t\t\t\t\t\t\t\t\t\t\t\t\t<\/div>\n\t\t<div class=\"elementor-element elementor-element-d57b59d e-con-full e-flex e-con e-child\" data-id=\"d57b59d\" data-element_type=\"container\" data-e-type=\"container\">\n\t\t<div class=\"elementor-element elementor-element-5cdfe24 e-con-full e-flex e-con e-child\" data-id=\"5cdfe24\" data-element_type=\"container\" data-e-type=\"container\" data-settings=\"{&quot;background_background&quot;:&quot;classic&quot;}\">\n\t\t<div class=\"elementor-element elementor-element-7d77979 e-con-full e-flex e-con e-child\" data-id=\"7d77979\" data-element_type=\"container\" data-e-type=\"container\">\n\t\t<div class=\"elementor-element elementor-element-7a7291a e-con-full e-flex e-con e-child\" data-id=\"7a7291a\" data-element_type=\"container\" data-e-type=\"container\">\n\t\t\t\t<div class=\"elementor-element elementor-element-6f5f60d elementor-widget__width-initial elementor-widget elementor-widget-heading\" data-id=\"6f5f60d\" data-element_type=\"widget\" data-e-type=\"widget\" data-widget_type=\"heading.default\">\n\t\t\t\t\t<div class=\"elementor-heading-title elementor-size-default\">2024<\/div>\t\t\t\t<\/div>\n\t\t\t\t<div class=\"elementor-element elementor-element-b6b6454 elementor-widget__width-initial elementor-widget elementor-widget-heading\" data-id=\"b6b6454\" data-element_type=\"widget\" data-e-type=\"widget\" data-widget_type=\"heading.default\">\n\t\t\t\t\t<div class=\"elementor-heading-title elementor-size-default\">Consolidated and strong team<\/div>\t\t\t\t<\/div>\n\t\t\t\t<\/div>\n\t\t\t\t<div class=\"elementor-element elementor-element-1fe8c98 elementor-widget__width-initial elementor-widget elementor-widget-text-editor\" data-id=\"1fe8c98\" data-element_type=\"widget\" data-e-type=\"widget\" data-widget_type=\"text-editor.default\">\n\t\t\t\t\t\t\t\t\t<p>Today we have more than twenty-five certified technicians. We serve Georgia with the same dedication as always, but with more experience.<\/p>\t\t\t\t\t\t\t\t<\/div>\n\t\t\t\t<\/div>\n\t\t\t\t<div class=\"elementor-element elementor-element-4c71a7c elementor-widget-tablet__width-inherit elementor-widget elementor-widget-image\" data-id=\"4c71a7c\" data-element_type=\"widget\" data-e-type=\"widget\" data-widget_type=\"image.default\">\n\t\t\t\t\t\t\t\t\t\t\t\t\t\t\t<img loading=\"lazy\" decoding=\"async\" width=\"743\" height=\"743\" src=\"https:\/\/sosaplumbingservices.com\/wp-content\/uploads\/2026\/01\/e515d56e075ea67ec6153546fb35b9c6.webp\" class=\"attachment-full size-full wp-image-83\" alt=\"\" srcset=\"https:\/\/sosaplumbingservices.com\/wp-content\/uploads\/2026\/01\/e515d56e075ea67ec6153546fb35b9c6.webp 743w, https:\/\/sosaplumbingservices.com\/wp-content\/uploads\/2026\/01\/e515d56e075ea67ec6153546fb35b9c6-300x300.webp 300w, https:\/\/sosaplumbingservices.com\/wp-content\/uploads\/2026\/01\/e515d56e075ea67ec6153546fb35b9c6-150x150.webp 150w\" sizes=\"(max-width: 743px) 100vw, 743px\" \/>\t\t\t\t\t\t\t\t\t\t\t\t\t\t\t<\/div>\n\t\t\t\t<\/div>\n\t\t\t\t<\/div>\n\t\t\t\t<div class=\"elementor-element elementor-element-6a3c6a7 elementor-widget elementor-widget-image\" data-id=\"6a3c6a7\" data-element_type=\"widget\" data-e-type=\"widget\" data-widget_type=\"image.default\">\n\t\t\t\t\t\t\t\t\t\t\t\t\t\t\t<img loading=\"lazy\" decoding=\"async\" width=\"15\" height=\"15\" src=\"https:\/\/sosaplumbingservices.com\/wp-content\/uploads\/2026\/01\/e7dbf8ab67c4e516d15f007a42611df2.webp\" class=\"attachment-full size-full wp-image-84\" alt=\"\" \/>\t\t\t\t\t\t\t\t\t\t\t\t\t\t\t<\/div>\n\t\t<div class=\"elementor-element elementor-element-4cf6e0d e-con-full e-flex e-con e-child\" data-id=\"4cf6e0d\" data-element_type=\"container\" data-e-type=\"container\">\n\t\t<div class=\"elementor-element elementor-element-1740e26 e-con-full e-flex e-con e-child\" data-id=\"1740e26\" data-element_type=\"container\" data-e-type=\"container\" data-settings=\"{&quot;background_background&quot;:&quot;classic&quot;}\">\n\t\t<div class=\"elementor-element elementor-element-2cd8ace e-con-full e-flex e-con e-child\" data-id=\"2cd8ace\" data-element_type=\"container\" data-e-type=\"container\">\n\t\t<div class=\"elementor-element elementor-element-1041ac5 e-con-full e-flex e-con e-child\" data-id=\"1041ac5\" data-element_type=\"container\" data-e-type=\"container\">\n\t\t\t\t<div class=\"elementor-element elementor-element-f2a96b9 elementor-widget__width-initial elementor-widget elementor-widget-heading\" data-id=\"f2a96b9\" data-element_type=\"widget\" data-e-type=\"widget\" data-widget_type=\"heading.default\">\n\t\t\t\t\t<div class=\"elementor-heading-title elementor-size-default\">Today<\/div>\t\t\t\t<\/div>\n\t\t\t\t<div class=\"elementor-element elementor-element-4684314 elementor-widget__width-initial elementor-widget elementor-widget-heading\" data-id=\"4684314\" data-element_type=\"widget\" data-e-type=\"widget\" data-widget_type=\"heading.default\">\n\t\t\t\t\t<div class=\"elementor-heading-title elementor-size-default\">We continue to grow<\/div>\t\t\t\t<\/div>\n\t\t\t\t<\/div>\n\t\t\t\t<div class=\"elementor-element elementor-element-e949c0b elementor-widget__width-initial elementor-widget elementor-widget-text-editor\" data-id=\"e949c0b\" data-element_type=\"widget\" data-e-type=\"widget\" data-widget_type=\"text-editor.default\">\n\t\t\t\t\t\t\t\t\t<p>Every day we attend more and more residential and commercial projects. Our commitment remains the same: honest, guaranteed work with no surprises.<\/p>\t\t\t\t\t\t\t\t<\/div>\n\t\t\t\t<\/div>\n\t\t\t\t<div class=\"elementor-element elementor-element-b041d23 elementor-widget-tablet__width-inherit elementor-widget elementor-widget-image\" data-id=\"b041d23\" data-element_type=\"widget\" data-e-type=\"widget\" data-widget_type=\"image.default\">\n\t\t\t\t\t\t\t\t\t\t\t\t\t\t\t<img loading=\"lazy\" decoding=\"async\" width=\"743\" height=\"743\" src=\"https:\/\/sosaplumbingservices.com\/wp-content\/uploads\/2026\/01\/40d8cb5f52b0e3bb08aa52954623d680.webp\" class=\"attachment-full size-full wp-image-85\" alt=\"\" srcset=\"https:\/\/sosaplumbingservices.com\/wp-content\/uploads\/2026\/01\/40d8cb5f52b0e3bb08aa52954623d680.webp 743w, https:\/\/sosaplumbingservices.com\/wp-content\/uploads\/2026\/01\/40d8cb5f52b0e3bb08aa52954623d680-300x300.webp 300w, https:\/\/sosaplumbingservices.com\/wp-content\/uploads\/2026\/01\/40d8cb5f52b0e3bb08aa52954623d680-150x150.webp 150w\" sizes=\"(max-width: 743px) 100vw, 743px\" \/>\t\t\t\t\t\t\t\t\t\t\t\t\t\t\t<\/div>\n\t\t\t\t<\/div>\n\t\t\t\t<\/div>\n\t\t\t\t<\/div>\n\t\t\t\t<\/div>\n\t\t\t\t<\/div>\n\t\t\t\t<\/div>","protected":false},"excerpt":{"rendered":"<p>Nuestra historia en Georgia Desde 2017, Sosa Plumbing ha crecido para servir a Georgia con excelencia T\u00e9cnicos certificados al servicio de tu hogar y negocio Comenzamos como una peque\u00f1a operaci\u00f3n durante tiempos dif\u00edciles y hemos crecido hasta contar con m\u00e1s de 25 t\u00e9cnicos certificados. Hoy servimos hospitales, restaurantes y familias en toda Georgia con el [&hellip;]<\/p>\n","protected":false},"author":1,"featured_media":0,"parent":0,"menu_order":0,"comment_status":"closed","ping_status":"closed","template":"","meta":{"footnotes":""},"class_list":["post-53","page","type-page","status-publish","hentry"],"_links":{"self":[{"href":"https:\/\/sosaplumbingservices.com\/en\/wp-json\/wp\/v2\/pages\/53","targetHints":{"allow":["GET"]}}],"collection":[{"href":"https:\/\/sosaplumbingservices.com\/en\/wp-json\/wp\/v2\/pages"}],"about":[{"href":"https:\/\/sosaplumbingservices.com\/en\/wp-json\/wp\/v2\/types\/page"}],"author":[{"embeddable":true,"href":"https:\/\/sosaplumbingservices.com\/en\/wp-json\/wp\/v2\/users\/1"}],"replies":[{"embeddable":true,"href":"https:\/\/sosaplumbingservices.com\/en\/wp-json\/wp\/v2\/comments?post=53"}],"version-history":[{"count":10,"href":"https:\/\/sosaplumbingservices.com\/en\/wp-json\/wp\/v2\/pages\/53\/revisions"}],"predecessor-version":[{"id":207,"href":"https:\/\/sosaplumbingservices.com\/en\/wp-json\/wp\/v2\/pages\/53\/revisions\/207"}],"wp:attachment":[{"href":"https:\/\/sosaplumbingservices.com\/en\/wp-json\/wp\/v2\/media?parent=53"}],"curies":[{"name":"wp","href":"https:\/\/api.w.org\/{rel}","templated":true}]}}